{"id":10,"date":"2016-07-14T13:16:32","date_gmt":"2016-07-14T11:16:32","guid":{"rendered":"http:\/\/restauratoren-konstanz.de\/\/magdalena-poray-schaefer\/?page_id=13"},"modified":"2024-03-11T09:54:04","modified_gmt":"2024-03-11T08:54:04","slug":"referenzen","status":"publish","type":"page","link":"https:\/\/restauratoren-konstanz.de\/magdalena-poray-schaefer\/referenzen\/","title":{"rendered":"Referenzen"},"content":{"rendered":"\n<h3 class=\"wp-block-heading\"><span style=\"color: #993300;\">LEINWANDBILDER<\/span><\/h3>\n\n\n\n<h1 class=\"wp-block-heading\"><strong>Schloss Mainau<\/strong><\/h1>\n\n\n\n<h3 class=\"wp-block-heading\"><span style=\"color: #993300;\">Konservierung und Restaurierung mehrerer Bilder, u.a.:<\/span><\/h3>\n\n\n\n<h2 class=\"wp-block-heading\"><strong>&#8220;Victoria von Baden&#8221; | Otto&nbsp;Propheter,&nbsp;1906<\/strong><\/h2>\n\n\n\n<p>\u00d6l auf Leinwand in&nbsp;vergoldetem Zierrahmen; gro\u00dffl\u00e4chige Festingung der&nbsp;Malschicht, Retusche. Restaurierung des&nbsp;Zierrahmens, u.a.&nbsp;Erg\u00e4nzung der&nbsp;Vergoldung<\/p>\n\n\n\n<h2 class=\"wp-block-heading\"><strong>&#8220;Prinz Romanoff&#8221;\u2003|\u2002Nora&nbsp;Auric,&nbsp;1948<\/strong><\/h2>\n\n\n\n<p>\u00d6l auf&nbsp;Leinwand; Konservierung und&nbsp;Restaurierung<\/p>\n\n\n\n<h2 class=\"wp-block-heading\"><strong>&#8220;Gebirgslandschaft&#8221;\u2003|\u2002Ernst&nbsp;Richard,&nbsp;1852<\/strong><\/h2>\n\n\n\n<hr class=\"wp-block-separator has-alpha-channel-opacity\"\/>\n\n\n\n<p>Konservierung und&nbsp;Restaurierung: Firnisabnahme, Abnahme der&nbsp;\u00dcbermalungen, Planierung, Schlie\u00dfung der&nbsp;Gewebesch\u00e4den, Kittung, Retusche, Firnis, Rahmenrestaurierung und&nbsp;teils Neuvergoldung<\/p>\n\n\n\n<h1 class=\"wp-block-heading\"><strong>M\u00fcnster U.L.F., Konstanz<\/strong><\/h1>\n\n\n\n<h2 class=\"wp-block-heading\"><strong>u.a. \u201eJohannes in den Wolken\u201c, 1. H. 18. Jh.<\/strong><\/h2>\n\n\n\n<p>Konservierung und Restaurierung<\/p>\n\n\n\n<h2 class=\"wp-block-heading\"><strong>\u201eHl. Barbara\u201c\u2003|\u20021628, Barbarakapelle<\/strong><\/h2>\n\n\n\n<h2 class=\"wp-block-heading\"><strong>\u201eTod Mariens\u201c\u2003|\u20021710, Altarblatt Maria-End-Chor<\/strong><\/h2>\n\n\n\n<hr class=\"wp-block-separator has-alpha-channel-opacity\"\/>\n\n\n\n<h1 class=\"wp-block-heading\"><\/h1>\n\n\n\n<h1 class=\"wp-block-heading\"><strong>Zahlreiche Gem\u00e4lde aus Privatbesitz<\/strong><\/h1>\n\n\n\n<hr class=\"wp-block-separator has-alpha-channel-opacity\"\/>\n\n\n\n<h3 class=\"wp-block-heading\"><span style=\"color: #993300;\">TAFELBILDER<\/span><\/h3>\n\n\n\n<h1 class=\"wp-block-heading\"><strong>M\u00fcnster U.L.F., Konstanz<\/strong><\/h1>\n\n\n\n<h2 class=\"wp-block-heading\"><strong>&#8220;Kr\u00f6nung Mariens&#8221;\u2003|\u2002deutscher&nbsp;Meinster,&nbsp;17.Jh.<\/strong><\/h2>\n\n\n\n<p>Vorwiegend Konserviert; Festingung der&nbsp;Malschicht<\/p>\n\n\n\n<hr class=\"wp-block-separator has-alpha-channel-opacity\"\/>\n\n\n\n<h1 class=\"wp-block-heading\"><\/h1>\n\n\n\n<h1 class=\"wp-block-heading\"><strong>Stefanskirche, Konstanz<\/strong><\/h1>\n\n\n\n<h2 class=\"wp-block-heading\"><strong>Acht gotische Tafelbilder\u2003|\u2002Konstanzer&nbsp;Meinster,&nbsp;1510\/15<\/strong><\/h2>\n\n\n\n<p>vorwiegend konservierende Ma\u00dfnahmen; Untersuchung der Technologie, Sch\u00e4den und Ver\u00e4nderungen mit Hilfe der Mikroskopie, unter diversen Lichtquellen, u.a. Infrarot in Zusammenarbeit mit Dr. Bernd Konrad, dabei Entdeckung der Unterzeichnung;<\/p>\n\n\n\n<p>Festigung der Malschicht, Rahmung und Aufh\u00e4ngung<\/p>\n\n\n\n<hr class=\"wp-block-separator has-alpha-channel-opacity\"\/>\n\n\n\n<h1 class=\"wp-block-heading\"><strong>Privatbesitz \u201eLandschaft\u201c, Rubenswerkstatt<\/strong><\/h1>\n\n\n\n<p>\u00d6l-Harz auf Eiche, vorwiegend konserviert<\/p>\n\n\n\n<hr class=\"wp-block-separator has-alpha-channel-opacity\"\/>\n\n\n\n<h1 class=\"wp-block-heading\"><strong>Privatbesitz \u201eFlusslandschaft\u201c Andreas Schelfhout 19. Jh.<\/strong><\/h1>\n\n\n\n<p>\u00d6l-Harz auf Eiche, Regenerierung und Erg\u00e4nzung des Firnisses, Entdeckung der Signatur<\/p>\n\n\n\n<hr class=\"wp-block-separator has-alpha-channel-opacity\"\/>\n\n\n\n<h1 class=\"wp-block-heading\"><strong>Privatbesitz, \u201eFesttagsikone, 19. Jh.<\/strong><\/h1>\n\n\n\n<p>\u00d6l, Vergoldung auf Kiefernholztafel: Verleimung der durchgebrochenen Holzteile, Malschichtfestigung und Erg\u00e4nzung<\/p>\n\n\n\n<hr class=\"wp-block-separator has-alpha-channel-opacity\"\/>\n\n\n\n<h1 class=\"wp-block-heading\"><\/h1>\n\n\n\n<h1 class=\"wp-block-heading\"><strong>Div. Tafelbilder und Ikonen aus Privatbesitz<\/strong><\/h1>\n\n\n\n<hr class=\"wp-block-separator has-alpha-channel-opacity\"\/>\n\n\n\n<h3 class=\"wp-block-heading\"><\/h3>\n\n\n\n<h3 class=\"wp-block-heading\"><span style=\"color: #993300;\">SONSTIGE BILDTR\u00c4GER<\/span><\/h3>\n\n\n\n<h1 class=\"wp-block-heading\"><strong>Schloss Mainau \u201ePortrait von K\u00f6nig Karl XII von Schweden\u201c<\/strong><\/h1>\n\n\n\n<p>K\u00f6nig Stanislaus I. Leszczy\u0144ski von Polen, Miniaturbild (Gouache\/Aquarell auf Pergament, auf verzinnter Eisenplatte aufgespannt), nach 1700; vorwiegend konserviert; u.a. Festigung der Malschicht und Retusche, Neuverglasung mit Museumsglas<\/p>\n\n\n\n<hr class=\"wp-block-separator has-alpha-channel-opacity\"\/>\n\n\n\n<h1 class=\"wp-block-heading\"><\/h1>\n\n\n\n<h1 class=\"wp-block-heading\"><strong>Privatbesitz, \u201eKonstanz, Fischmarkt und Zollernstrasse von Osten\u201c<\/strong><\/h1>\n\n\n\n<p>Nicolas Hug, 1842, \u00d6lgem\u00e4lde auf Pappe, auf Pressspanplatte geklebt; Konservierung: Entfernung der starren, nachtr\u00e4glich aufgeklebten Pressspanplatte<\/p>\n\n\n\n<hr class=\"wp-block-separator has-alpha-channel-opacity\"\/>\n\n\n\n<h1 class=\"wp-block-heading\"><strong>Privatbesitz, \u201eVerschneites Dorfgut\u201c<\/strong><\/h1>\n\n\n\n<p>Karl Hauptmann, 1932, \u00d6lbild auf Tischlerplatte; Planieren und Verleimen der zersplitterten Furnierschichten; Firnisabnahme, Retusche, Firnis<\/p>\n\n\n\n<hr class=\"wp-block-separator has-alpha-channel-opacity\"\/>\n\n\n\n<h3 class=\"wp-block-heading\"><span style=\"color: #993300;\">AUSSTATTUNG UND SKULPTUREN<\/span><\/h3>\n\n\n\n<h1 class=\"wp-block-heading\"><strong>M\u00fcnster U.L F., Konstanz<\/strong><\/h1>\n\n\n\n<p>Hl. Barbara Altar, Konservierung und Restaurierung Maria End Chor Altar, Konservierung und Restaurierung<\/p>\n\n\n\n<hr class=\"wp-block-separator has-alpha-channel-opacity\"\/>\n\n\n\n<h1 class=\"wp-block-heading\"><strong>Christuskirche, Konstanz<\/strong><\/h1>\n\n\n\n<p>Seitenalt\u00e4re, Konservierung und Restaurierung Beichtst\u00fchle, Konservierung und Restaurierung<\/p>\n\n\n\n<hr class=\"wp-block-separator has-alpha-channel-opacity\"\/>\n\n\n\n<h1 class=\"wp-block-heading\"><strong>Kloster Zoffingen, Konstanz<\/strong><\/h1>\n\n\n\n<p>Zahlreiche Alt\u00e4re und Skulpturen vom 15.-19. Jh. Konservierung und Restaurierung, u. a. Freilegung der Erstfassung<\/p>\n\n\n\n<hr class=\"wp-block-separator has-alpha-channel-opacity\"\/>\n\n\n\n<h1 class=\"wp-block-heading\"><strong>Spitalkirche, Wangen im Allg\u00e4u<\/strong><\/h1>\n\n\n\n<p>Div. gefasste Holzskulpturen und Kanzel Konservierung und Restaurierung<\/p>\n\n\n\n<hr class=\"wp-block-separator has-alpha-channel-opacity\"\/>\n\n\n\n<h1 class=\"wp-block-heading\"><strong>Privatbesitz, \u201ePieta\u201c, Tirol<\/strong><\/h1>\n\n\n\n<p>Mitte 14. Jh., gro\u00dffl\u00e4chige Festigung der Fassung<\/p>\n\n\n\n<hr class=\"wp-block-separator has-alpha-channel-opacity\"\/>\n\n\n\n<h1 class=\"wp-block-heading\"><strong>Skulpturen aus Privatbesitz<\/strong><\/h1>\n\n\n\n<hr class=\"wp-block-separator has-alpha-channel-opacity\"\/>\n\n\n\n<h3 class=\"wp-block-heading\"><span style=\"color: #993300;\">MONITORING, AUSSTELLUNG UND SAMMLUNG<\/span><\/h3>\n\n\n\n<h1 class=\"wp-block-heading\"><strong>M\u00fcnster U.L F., Konstanz<\/strong><\/h1>\n\n\n\n<h2 class=\"wp-block-heading\"><strong>J\u00e4hrliches Monitoring der gesamten Ausstattung<\/strong><\/h2>\n\n\n\n<h2 class=\"wp-block-heading\"><strong>Projekt und Ausf\u00fchrung des Lagerungssystems f\u00fcr div. Kunstobjekte<\/strong><\/h2>\n\n\n\n<h2 class=\"wp-block-heading\"><strong>Ausstellungsaufbau der Objekte in der oberen Nikolauskapelle und in der Sakristei<\/strong><\/h2>\n\n\n\n<hr class=\"wp-block-separator has-alpha-channel-opacity\"\/>\n\n\n\n<h1 class=\"wp-block-heading\"><strong>Schloss Mainau<\/strong><\/h1>\n\n\n\n<p>Kontroll-Inventarisierung und Begutachtung der gesamten Gem\u00e4ldesammlung<\/p>\n\n\n\n<hr class=\"wp-block-separator has-alpha-channel-opacity\"\/>\n\n\n\n<h1 class=\"wp-block-heading\"><\/h1>\n\n\n\n<h1 class=\"wp-block-heading\"><strong>Begutachtung und Betreuung von Privatsammlungen<\/strong><\/h1>\n\n\n\n<hr class=\"wp-block-separator has-alpha-channel-opacity\"\/>\n\n\n\n<h3 class=\"wp-block-heading\"><span style=\"color: #993300;\">WANDMALEREI<\/span><\/h3>\n\n\n\n<h1 class=\"wp-block-heading\"><strong>Seestra\u00dfe 5, Konstanz<\/strong><\/h1>\n\n\n\n<p>Vestib\u00fcl, Treppenhaus: Deckenplafond und W\u00e4nde im Bereich der Dekorationsmalerei EG und 2. OG: bemalte Kassettendecken: \u00d6l auf Deckenputz und profilierten Holzleisten Untersuchung, Freilegung, Konservierung und Restaurierung von bemalten Stuckdecken und einer gemalten Kassettendecke Freilegung , Restaurierung der Malerei im Treppenhaus mit malerischer Rekonstruktion des verlorenen Stucks im Haus in Zusammenarbeit mit der Denkmalbeh\u00f6rde der Stadt Konstanz<\/p>\n\n\n\n<hr class=\"wp-block-separator has-alpha-channel-opacity\"\/>\n\n\n\n<h1 class=\"wp-block-heading\"><strong>HTWG Geb\u00e4ude F, Foyer, Konstanz<\/strong><\/h1>\n\n\n\n<h2 class=\"wp-block-heading\"><strong>\u201eKonstanzer Bild\u201c, Artur Stoll, 1995<\/strong><\/h2>\n\n\n\n<p>Acrylgem\u00e4lde auf wei\u00df grundiertem Beton, 9,4 m x 17,1 m Untersuchung, Festigung der Malschicht, Reinigung der Oberfl\u00e4che, Strukturierte Kittungen und Retuschen, Rekonstruktion der Malschicht in den gr\u00f6\u00dften Fehlstellen. Arbeiten in der vom K\u00fcnstler verwendeten Lascaux-Technologie<\/p>\n\n\n\n<hr class=\"wp-block-separator has-alpha-channel-opacity\"\/>\n\n\n\n<h1 class=\"wp-block-heading\"><strong>Villa Prym, Konstanz<\/strong><\/h1>\n\n\n\n<p>Wandmalereien in \u00d6ltechnik auf Putz im Treppenhaus, Flur und Loggia Untersuchung, Freilegung, Konservierung und Restaurierung Arbeit der Ateliergemeinschaft mit Udo Storz<\/p>\n\n\n\n<h3 class=\"wp-block-heading\"><span style=\"color: #993300;\">LEINWANDBILDER<\/span><\/h3>\n\n\n\n<h1 class=\"wp-block-heading\"><strong>Schloss Mainau<\/strong><\/h1>\n\n\n\n<h3 class=\"wp-block-heading\"><span style=\"color: #993300;\">Konservierung und Restaurierung mehrerer Bilder, u.a.:<\/span><\/h3>\n\n\n\n<h2 class=\"wp-block-heading\"><strong>&#8220;Victoria von Baden&#8221; | Otto&nbsp;Propheter,&nbsp;1906<\/strong><\/h2>\n\n\n\n<p>\u00d6l auf Leinwand in&nbsp;vergoldetem Zierrahmen; gro\u00dffl\u00e4chige Festingung der&nbsp;Malschicht, Retusche. Restaurierung des&nbsp;Zierrahmens, u.a.&nbsp;Erg\u00e4nzung der&nbsp;Vergoldung<\/p>\n\n\n\n<h2 class=\"wp-block-heading\"><strong>&#8220;Prinz Romanoff&#8221;\u2003|\u2002Nora&nbsp;Auric,&nbsp;1948<\/strong><\/h2>\n\n\n\n<p>\u00d6l auf&nbsp;Leinwand; Konservierung und&nbsp;Restaurierung<\/p>\n\n\n\n<h2 class=\"wp-block-heading\"><strong>&#8220;Gebirgslandschaft&#8221;\u2003|\u2002Ernst&nbsp;Richard,&nbsp;1852<\/strong><\/h2>\n\n\n\n<p>Konservierung und&nbsp;Restaurierung: Firnisabnahme, Abnahme der&nbsp;\u00dcbermalungen, Planierung, Schlie\u00dfung der&nbsp;Gewebesch\u00e4den, Kittung, Retusche, Firnis, Rahmenrestaurierung und&nbsp;teils Neuvergoldung<\/p>\n\n\n\n<hr class=\"wp-block-separator has-alpha-channel-opacity\"\/>\n\n\n\n<h1 class=\"wp-block-heading\"><strong>M\u00fcnster U.L.F., Konstanz<\/strong><\/h1>\n\n\n\n<h2 class=\"wp-block-heading\"><strong>u.a. \u201eJohannes in den Wolken\u201c, 1. H. 18. Jh.<\/strong><\/h2>\n\n\n\n<p>Konservierung und Restaurierung<\/p>\n\n\n\n<h2 class=\"wp-block-heading\"><strong>\u201eHl. Barbara\u201c\u2003|\u20021628, Barbarakapelle<\/strong><\/h2>\n\n\n\n<h2 class=\"wp-block-heading\"><strong>\u201eTod Mariens\u201c\u2003|\u20021710, Altarblatt Maria-End-Chor<\/strong><\/h2>\n\n\n\n<hr class=\"wp-block-separator has-alpha-channel-opacity\"\/>\n\n\n\n<h1 class=\"wp-block-heading\"><strong>Zahlreiche Gem\u00e4lde aus Privatbesitz<\/strong><\/h1>\n\n\n\n<hr class=\"wp-block-separator has-alpha-channel-opacity\"\/>\n\n\n\n<h3 class=\"wp-block-heading\"><span style=\"color: #993300;\">TAFELBILDER<\/span><\/h3>\n\n\n\n<h1 class=\"wp-block-heading\"><strong>M\u00fcnster U.L.F., Konstanz<\/strong><\/h1>\n\n\n\n<h2 class=\"wp-block-heading\"><strong>&#8220;Kr\u00f6nung Mariens&#8221;\u2003|\u2002deutscher&nbsp;Meinster,&nbsp;17.Jh.<\/strong><\/h2>\n\n\n\n<p>Vorwiegend Konserviert; Festingung der&nbsp;Malschicht<\/p>\n\n\n\n<hr class=\"wp-block-separator has-alpha-channel-opacity\"\/>\n\n\n\n<h1 class=\"wp-block-heading\"><strong>Stefanskirche, Konstanz<\/strong><\/h1>\n\n\n\n<h2 class=\"wp-block-heading\"><strong>Acht gotische Tafelbilder\u2003|\u2002Konstanzer&nbsp;Meinster,&nbsp;1510\/15<\/strong><\/h2>\n\n\n\n<p>vorwiegend konservierende Ma\u00dfnahmen; Untersuchung der Technologie, Sch\u00e4den und Ver\u00e4nderungen mit Hilfe der Mikroskopie, unter diversen Lichtquellen, u.a. Infrarot in Zusammenarbeit mit Dr. Bernd Konrad, dabei Entdeckung der Unterzeichnung;<\/p>\n\n\n\n<p>Festigung der Malschicht, Rahmung und Aufh\u00e4ngung<\/p>\n\n\n\n<hr class=\"wp-block-separator has-alpha-channel-opacity\"\/>\n\n\n\n<h1 class=\"wp-block-heading\"><strong>Privatbesitz \u201eLandschaft\u201c, Rubenswerkstatt<\/strong><\/h1>\n\n\n\n<p>\u00d6l-Harz auf Eiche, vorwiegend konserviert<\/p>\n\n\n\n<hr class=\"wp-block-separator has-alpha-channel-opacity\"\/>\n\n\n\n<h1 class=\"wp-block-heading\"><strong>Privatbesitz \u201eFlusslandschaft\u201c Andreas Schelfhout 19. Jh.<\/strong><\/h1>\n\n\n\n<p>\u00d6l-Harz auf Eiche, Regenerierung und Erg\u00e4nzung des Firnisses, Entdeckung der Signatur<\/p>\n\n\n\n<hr class=\"wp-block-separator has-alpha-channel-opacity\"\/>\n\n\n\n<h1 class=\"wp-block-heading\"><strong>Privatbesitz, \u201eFesttagsikone, 19. Jh.<\/strong><\/h1>\n\n\n\n<p>\u00d6l, Vergoldung auf Kiefernholztafel: Verleimung der durchgebrochenen Holzteile, Malschichtfestigung und Erg\u00e4nzung<\/p>\n\n\n\n<hr class=\"wp-block-separator has-alpha-channel-opacity\"\/>\n\n\n\n<h1 class=\"wp-block-heading\"><\/h1>\n\n\n\n<h1 class=\"wp-block-heading\"><strong>Div. Tafelbilder und Ikonen aus Privatbesitz<\/strong><\/h1>\n\n\n\n<hr class=\"wp-block-separator has-alpha-channel-opacity\"\/>\n\n\n\n<h3 class=\"wp-block-heading\"><span style=\"color: #993300;\">SONSTIGE BILDTR\u00c4GER<\/span><\/h3>\n\n\n\n<h1 class=\"wp-block-heading\"><strong>Schloss Mainau \u201ePortrait von K\u00f6nig Karl XII von Schweden\u201c<\/strong><\/h1>\n\n\n\n<p>K\u00f6nig Stanislaus I. Leszczy\u0144ski von Polen, Miniaturbild (Gouache\/Aquarell auf Pergament, auf verzinnter Eisenplatte aufgespannt), nach 1700; vorwiegend konserviert; u.a. Festigung der Malschicht und Retusche, Neuverglasung mit Museumsglas<\/p>\n\n\n\n<hr class=\"wp-block-separator has-alpha-channel-opacity\"\/>\n\n\n\n<h1 class=\"wp-block-heading\"><strong>Privatbesitz, \u201eKonstanz, Fischmarkt und Zollernstrasse von Osten\u201c<\/strong><\/h1>\n\n\n\n<p>Nicolas Hug, 1842, \u00d6lgem\u00e4lde auf Pappe, auf Pressspanplatte geklebt; Konservierung: Entfernung der starren, nachtr\u00e4glich aufgeklebten Pressspanplatte<\/p>\n\n\n\n<hr class=\"wp-block-separator has-alpha-channel-opacity\"\/>\n\n\n\n<h1 class=\"wp-block-heading\"><strong>Privatbesitz, \u201eVerschneites Dorfgut\u201c<\/strong><\/h1>\n\n\n\n<p>Karl Hauptmann, 1932, \u00d6lbild auf Tischlerplatte; Planieren und Verleimen der zersplitterten Furnierschichten; Firnisabnahme, Retusche, Firnis<\/p>\n\n\n\n<hr class=\"wp-block-separator has-alpha-channel-opacity\"\/>\n\n\n\n<h3 class=\"wp-block-heading\"><span style=\"color: #993300;\">AUSSTATTUNG UND SKULPTUREN<\/span><\/h3>\n\n\n\n<h1 class=\"wp-block-heading\"><strong>M\u00fcnster U.L F., Konstanz<\/strong><\/h1>\n\n\n\n<p>Hl. Barbara Altar, Konservierung und Restaurierung Maria End Chor Altar, Konservierung und Restaurierung<\/p>\n\n\n\n<hr class=\"wp-block-separator has-alpha-channel-opacity\"\/>\n\n\n\n<h1 class=\"wp-block-heading\"><strong>Christuskirche, Konstanz<\/strong><\/h1>\n\n\n\n<p>Seitenalt\u00e4re, Konservierung und Restaurierung Beichtst\u00fchle, Konservierung und Restaurierung<\/p>\n\n\n\n<hr class=\"wp-block-separator has-alpha-channel-opacity\"\/>\n\n\n\n<h1 class=\"wp-block-heading\"><strong>Kloster Zoffingen, Konstanz<\/strong><\/h1>\n\n\n\n<p>Zahlreiche Alt\u00e4re und Skulpturen vom 15.-19. Jh. Konservierung und Restaurierung, u. a. Freilegung der Erstfassung<\/p>\n\n\n\n<hr class=\"wp-block-separator has-alpha-channel-opacity\"\/>\n\n\n\n<h1 class=\"wp-block-heading\"><strong>Spitalkirche, Wangen im Allg\u00e4u<\/strong><\/h1>\n\n\n\n<p>Div. gefasste Holzskulpturen und Kanzel Konservierung und Restaurierung<\/p>\n\n\n\n<hr class=\"wp-block-separator has-alpha-channel-opacity\"\/>\n\n\n\n<h1 class=\"wp-block-heading\"><strong>Privatbesitz, \u201ePieta\u201c, Tirol<\/strong><\/h1>\n\n\n\n<p>Mitte 14. Jh., gro\u00dffl\u00e4chige Festigung der Fassung<\/p>\n\n\n\n<hr class=\"wp-block-separator has-alpha-channel-opacity\"\/>\n\n\n\n<h1 class=\"wp-block-heading\"><strong>Skulpturen aus Privatbesitz<\/strong><\/h1>\n\n\n\n<hr class=\"wp-block-separator has-alpha-channel-opacity\"\/>\n\n\n\n<h3 class=\"wp-block-heading\"><span style=\"color: #993300;\">MONITORING, AUSSTELLUNG UND SAMMLUNG<\/span><\/h3>\n\n\n\n<h1 class=\"wp-block-heading\"><strong>M\u00fcnster U.L F., Konstanz<\/strong><\/h1>\n\n\n\n<h2 class=\"wp-block-heading\"><strong>J\u00e4hrliches Monitoring der gesamten Ausstattung<\/strong><\/h2>\n\n\n\n<h2 class=\"wp-block-heading\"><strong>Projekt und Ausf\u00fchrung des Lagerungssystems f\u00fcr div. Kunstobjekte<\/strong><\/h2>\n\n\n\n<h2 class=\"wp-block-heading\"><strong>Ausstellungsaufbau der Objekte in der oberen Nikolauskapelle und in der Sakristei<\/strong><\/h2>\n\n\n\n<hr class=\"wp-block-separator has-alpha-channel-opacity\"\/>\n\n\n\n<h1 class=\"wp-block-heading\"><strong>Schloss Mainau<\/strong><\/h1>\n\n\n\n<p>Kontroll-Inventarisierung und Begutachtung der gesamten Gem\u00e4ldesammlung<\/p>\n\n\n\n<hr class=\"wp-block-separator has-alpha-channel-opacity\"\/>\n\n\n\n<h1 class=\"wp-block-heading\"><strong>Begutachtung und Betreuung von Privatsammlungen<\/strong><\/h1>\n\n\n\n<hr class=\"wp-block-separator has-alpha-channel-opacity\"\/>\n\n\n\n<h3 class=\"wp-block-heading\"><span style=\"color: #993300;\">WANDMALEREI<\/span><\/h3>\n\n\n\n<h1 class=\"wp-block-heading\"><strong>Seestra\u00dfe 5, Konstanz<\/strong><\/h1>\n\n\n\n<p>Vestib\u00fcl, Treppenhaus: Deckenplafond und W\u00e4nde im Bereich der Dekorationsmalerei EG und 2. OG: bemalte Kassettendecken: \u00d6l auf Deckenputz und profilierten Holzleisten Untersuchung, Freilegung, Konservierung und Restaurierung von bemalten Stuckdecken und einer gemalten Kassettendecke Freilegung , Restaurierung der Malerei im Treppenhaus mit malerischer Rekonstruktion des verlorenen Stucks im Haus in Zusammenarbeit mit der Denkmalbeh\u00f6rde der Stadt Konstanz<\/p>\n\n\n\n<hr class=\"wp-block-separator has-alpha-channel-opacity\"\/>\n\n\n\n<h1 class=\"wp-block-heading\"><strong>HTWG Geb\u00e4ude F, Foyer, Konstanz<\/strong><\/h1>\n\n\n\n<h2 class=\"wp-block-heading\"><strong>\u201eKonstanzer Bild\u201c, Artur Stoll, 1995<\/strong><\/h2>\n\n\n\n<p>Acrylgem\u00e4lde auf wei\u00df grundiertem Beton, 9,4 m x 17,1 m Untersuchung, Festigung der Malschicht, Reinigung der Oberfl\u00e4che, Strukturierte Kittungen und Retuschen, Rekonstruktion der Malschicht in den gr\u00f6\u00dften Fehlstellen. Arbeiten in der vom K\u00fcnstler verwendeten Lascaux-Technologie<\/p>\n\n\n\n<hr class=\"wp-block-separator has-alpha-channel-opacity\"\/>\n\n\n\n<h1 class=\"wp-block-heading\"><strong>Villa Prym, Konstanz<\/strong><\/h1>\n\n\n\n<p>Wandmalereien in \u00d6ltechnik auf Putz im Treppenhaus, Flur und Loggia Untersuchung, Freilegung, Konservierung und Restaurierung Arbeit der Ateliergemeinschaft mit Udo Storz<\/p>\n","protected":false},"excerpt":{"rendered":"<p>LEINWANDBILDER Schloss Mainau Konservierung und Restaurierung mehrerer Bilder, u.a.: &#8220;Victoria von Baden&#8221; | Otto&nbsp;Propheter,&nbsp;1906 \u00d6l auf Leinwand in&nbsp;vergoldetem Zierrahmen; gro\u00dffl\u00e4chige Festingung der&nbsp;Malschicht, Retusche. Restaurierung des&nbsp;Zierrahmens, u.a.&nbsp;Erg\u00e4nzung der&nbsp;Vergoldung &#8220;Prinz Romanoff&#8221;\u2003|\u2002Nora&nbsp;Auric,&nbsp;1948 \u00d6l auf&nbsp;Leinwand; Konservierung und&nbsp;Restaurierung &#8220;Gebirgslandschaft&#8221;\u2003|\u2002Ernst&nbsp;Richard,&nbsp;1852 Konservierung und&nbsp;Restaurierung: Firnisabnahme, Abnahme der&nbsp;\u00dcbermalungen, Planierung, Schlie\u00dfung der&nbsp;Gewebesch\u00e4den, Kittung, Retusche, Firnis, Rahmenrestaurierung und&nbsp;teils Neuvergoldung M\u00fcnster U.L.F., Konstanz u.a. \u201eJohannes in den [&hellip;]<\/p>\n","protected":false},"author":3,"featured_media":0,"parent":0,"menu_order":0,"comment_status":"closed","ping_status":"closed","template":"layout5_only_text.php","meta":{"_acf_changed":false,"footnotes":""},"class_list":["post-10","page","type-page","status-publish","hentry"],"acf":[],"_links":{"self":[{"href":"https:\/\/restauratoren-konstanz.de\/magdalena-poray-schaefer\/wp-json\/wp\/v2\/pages\/10","targetHints":{"allow":["GET"]}}],"collection":[{"href":"https:\/\/restauratoren-konstanz.de\/magdalena-poray-schaefer\/wp-json\/wp\/v2\/pages"}],"about":[{"href":"https:\/\/restauratoren-konstanz.de\/magdalena-poray-schaefer\/wp-json\/wp\/v2\/types\/page"}],"author":[{"embeddable":true,"href":"https:\/\/restauratoren-konstanz.de\/magdalena-poray-schaefer\/wp-json\/wp\/v2\/users\/3"}],"replies":[{"embeddable":true,"href":"https:\/\/restauratoren-konstanz.de\/magdalena-poray-schaefer\/wp-json\/wp\/v2\/comments?post=10"}],"version-history":[{"count":23,"href":"https:\/\/restauratoren-konstanz.de\/magdalena-poray-schaefer\/wp-json\/wp\/v2\/pages\/10\/revisions"}],"predecessor-version":[{"id":4842,"href":"https:\/\/restauratoren-konstanz.de\/magdalena-poray-schaefer\/wp-json\/wp\/v2\/pages\/10\/revisions\/4842"}],"wp:attachment":[{"href":"https:\/\/restauratoren-konstanz.de\/magdalena-poray-schaefer\/wp-json\/wp\/v2\/media?parent=10"}],"curies":[{"name":"wp","href":"https:\/\/api.w.org\/{rel}","templated":true}]}}